{"id":6,"date":"2022-02-24T09:19:53","date_gmt":"2022-02-24T09:19:53","guid":{"rendered":"https:\/\/pruebas.solidaridad.net\/index.php\/membership-join\/membership-registration\/"},"modified":"2022-04-12T07:35:54","modified_gmt":"2022-04-12T07:35:54","slug":"membership-registration","status":"publish","type":"page","link":"https:\/\/pruebas.solidaridad.net\/index.php\/membership-join\/membership-registration\/","title":{"rendered":"Registro"},"content":{"rendered":"<p>La membres\u00eda gratuita est\u00e1 desactivada en este sitio. Por favor, haz un pago desde el <a href=\"https:\/\/pruebas.solidaridad.net\/index.php\/membership-join\/\">\u00danete a nosotros<\/a>p\u00e1gina para pagar una membres\u00eda de pago.<\/p><p>Recibir\u00e1s un enlace \u00fanico a trav\u00e9s del correo electr\u00f3nico despu\u00e9s del pago. Podr\u00e1s utilizar ese enlace para completar el registro de membres\u00eda de pago.<\/p>\n\n\n<p><\/p>\n","protected":false},"excerpt":{"rendered":"","protected":false},"author":1,"featured_media":0,"parent":5,"menu_order":0,"comment_status":"closed","ping_status":"closed","template":"","meta":{"footnotes":""},"class_list":["post-6","page","type-page","status-publish","hentry"],"_links":{"self":[{"href":"https:\/\/pruebas.solidaridad.net\/index.php\/wp-json\/wp\/v2\/pages\/6","targetHints":{"allow":["GET"]}}],"collection":[{"href":"https:\/\/pruebas.solidaridad.net\/index.php\/wp-json\/wp\/v2\/pages"}],"about":[{"href":"https:\/\/pruebas.solidaridad.net\/index.php\/wp-json\/wp\/v2\/types\/page"}],"author":[{"embeddable":true,"href":"https:\/\/pruebas.solidaridad.net\/index.php\/wp-json\/wp\/v2\/users\/1"}],"replies":[{"embeddable":true,"href":"https:\/\/pruebas.solidaridad.net\/index.php\/wp-json\/wp\/v2\/comments?post=6"}],"version-history":[{"count":2,"href":"https:\/\/pruebas.solidaridad.net\/index.php\/wp-json\/wp\/v2\/pages\/6\/revisions"}],"predecessor-version":[{"id":17,"href":"https:\/\/pruebas.solidaridad.net\/index.php\/wp-json\/wp\/v2\/pages\/6\/revisions\/17"}],"up":[{"embeddable":true,"href":"https:\/\/pruebas.solidaridad.net\/index.php\/wp-json\/wp\/v2\/pages\/5"}],"wp:attachment":[{"href":"https:\/\/pruebas.solidaridad.net\/index.php\/wp-json\/wp\/v2\/media?parent=6"}],"curies":[{"name":"wp","href":"https:\/\/api.w.org\/{rel}","templated":true}]}}